{"id":14,"date":"2012-05-22T14:53:44","date_gmt":"2012-05-22T14:53:44","guid":{"rendered":"http:\/\/www.neet.hu\/lcdtvjavitas.hu\/?page_id=14"},"modified":"2025-05-06T06:30:48","modified_gmt":"2025-05-06T04:30:48","slug":"elerhetoseg","status":"publish","type":"page","link":"https:\/\/www.lcdtvjavitas.hu\/?page_id=14","title":{"rendered":"El\u00e9rhet\u0151s\u00e9g"},"content":{"rendered":"<p>&nbsp;<\/p>\n<p><span style=\"color: #800000;\"><strong>C\u00edm:<\/strong><\/span> 1141 Budapest, Mogyor\u00f3di 153\/b<\/p>\n<p><a href=\"https:\/\/www.lcdtvjavitas.hu\/wp-content\/uploads\/2012\/05\/hosszu.jpg\"><img loading=\"lazy\" decoding=\"async\" class=\"size-full wp-image-49 alignright\" src=\"https:\/\/www.lcdtvjavitas.hu\/wp-content\/uploads\/2012\/05\/hosszu.jpg\" alt=\"\" width=\"150\" height=\"500\" srcset=\"https:\/\/www.lcdtvjavitas.hu\/wp-content\/uploads\/2012\/05\/hosszu.jpg 150w, https:\/\/www.lcdtvjavitas.hu\/wp-content\/uploads\/2012\/05\/hosszu-90x300.jpg 90w\" sizes=\"auto, (max-width: 150px) 100vw, 150px\" \/><\/a><\/p>\n<p><span style=\"color: #800000;\"><strong>Telefon:<\/strong><\/span> 06(1)22-12-567<\/p>\n<p><span style=\"color: #800000;\"><strong>Mobil:<\/strong><\/span> 06(20)9-567-567 ( h\u00edvhat\u00f3 minden nap 07.00-22.00-ig )<\/p>\n<p>&nbsp;<\/p>\n<p><span style=\"color: #800000;\"><strong>E-mail:<\/strong><\/span> <a href=\"tvzozo@citromail.hu\">tvzozo@citromail.hu<\/a><\/p>\n","protected":false},"excerpt":{"rendered":"<p>&nbsp; C\u00edm: 1141 Budapest, Mogyor\u00f3di 153\/b Telefon: 06(1)22-12-567 Mobil: 06(20)9-567-567 ( h\u00edvhat\u00f3 minden nap 07.00-22.00-ig ) &nbsp; E-mail: tvzozo@citromail.hu<\/p>\n","protected":false},"author":1,"featured_media":0,"parent":0,"menu_order":4,"comment_status":"closed","ping_status":"open","template":"","meta":{"footnotes":""},"class_list":["post-14","page","type-page","status-publish","hentry"],"_links":{"self":[{"href":"https:\/\/www.lcdtvjavitas.hu\/index.php?rest_route=\/wp\/v2\/pages\/14","targetHints":{"allow":["GET"]}}],"collection":[{"href":"https:\/\/www.lcdtvjavitas.hu\/index.php?rest_route=\/wp\/v2\/pages"}],"about":[{"href":"https:\/\/www.lcdtvjavitas.hu\/index.php?rest_route=\/wp\/v2\/types\/page"}],"author":[{"embeddable":true,"href":"https:\/\/www.lcdtvjavitas.hu\/index.php?rest_route=\/wp\/v2\/users\/1"}],"replies":[{"embeddable":true,"href":"https:\/\/www.lcdtvjavitas.hu\/index.php?rest_route=%2Fwp%2Fv2%2Fcomments&post=14"}],"version-history":[{"count":8,"href":"https:\/\/www.lcdtvjavitas.hu\/index.php?rest_route=\/wp\/v2\/pages\/14\/revisions"}],"predecessor-version":[{"id":3066,"href":"https:\/\/www.lcdtvjavitas.hu\/index.php?rest_route=\/wp\/v2\/pages\/14\/revisions\/3066"}],"wp:attachment":[{"href":"https:\/\/www.lcdtvjavitas.hu\/index.php?rest_route=%2Fwp%2Fv2%2Fmedia&parent=14"}],"curies":[{"name":"wp","href":"https:\/\/api.w.org\/{rel}","templated":true}]}}