{"id":11,"date":"2012-05-22T14:53:19","date_gmt":"2012-05-22T14:53:19","guid":{"rendered":"http:\/\/www.neet.hu\/lcdtvjavitas.hu\/?page_id=11"},"modified":"2025-05-06T06:30:38","modified_gmt":"2025-05-06T04:30:38","slug":"keruletek-ahol-javitok","status":"publish","type":"page","link":"https:\/\/www.lcdtvjavitas.hu\/?page_id=11","title":{"rendered":"Ker\u00fcletek ahol jav\u00edtok"},"content":{"rendered":"<p align=\"center\">Kisz\u00e1ll\u00e1st, illetve szerel\u00e9st Budapesten\u00a0a III, IV, X, XIII, XIV, XV, XVI, XVII &#8211; ik ker\u00fcletekben,\u00a0valamint a VII, VIII, IX \u00a0ker\u00fcletek k\u00fcls\u0151 r\u00e9szein v\u00e1llalok.<\/p>\n<p align=\"center\"><a href=\"https:\/\/www.lcdtvjavitas.hu\/wp-content\/uploads\/2012\/05\/KETTES11.jpg\"><img loading=\"lazy\" decoding=\"async\" class=\"size-full wp-image-55 aligncenter\" src=\"https:\/\/www.lcdtvjavitas.hu\/wp-content\/uploads\/2012\/05\/KETTES11.jpg\" alt=\"\" width=\"456\" height=\"395\" srcset=\"https:\/\/www.lcdtvjavitas.hu\/wp-content\/uploads\/2012\/05\/KETTES11.jpg 456w, https:\/\/www.lcdtvjavitas.hu\/wp-content\/uploads\/2012\/05\/KETTES11-300x259.jpg 300w\" sizes=\"auto, (max-width: 456px) 100vw, 456px\" \/><\/a><\/p>\n<p>&nbsp;<\/p>\n","protected":false},"excerpt":{"rendered":"<p>Kisz\u00e1ll\u00e1st, illetve szerel\u00e9st Budapesten\u00a0a III, IV, X, XIII, XIV, XV, XVI, XVII &#8211; ik ker\u00fcletekben,\u00a0valamint a VII, VIII, IX \u00a0ker\u00fcletek k\u00fcls\u0151 r\u00e9szein v\u00e1llalok. &nbsp;<\/p>\n","protected":false},"author":1,"featured_media":0,"parent":0,"menu_order":3,"comment_status":"closed","ping_status":"open","template":"","meta":{"footnotes":""},"class_list":["post-11","page","type-page","status-publish","hentry"],"_links":{"self":[{"href":"https:\/\/www.lcdtvjavitas.hu\/index.php?rest_route=\/wp\/v2\/pages\/11","targetHints":{"allow":["GET"]}}],"collection":[{"href":"https:\/\/www.lcdtvjavitas.hu\/index.php?rest_route=\/wp\/v2\/pages"}],"about":[{"href":"https:\/\/www.lcdtvjavitas.hu\/index.php?rest_route=\/wp\/v2\/types\/page"}],"author":[{"embeddable":true,"href":"https:\/\/www.lcdtvjavitas.hu\/index.php?rest_route=\/wp\/v2\/users\/1"}],"replies":[{"embeddable":true,"href":"https:\/\/www.lcdtvjavitas.hu\/index.php?rest_route=%2Fwp%2Fv2%2Fcomments&post=11"}],"version-history":[{"count":7,"href":"https:\/\/www.lcdtvjavitas.hu\/index.php?rest_route=\/wp\/v2\/pages\/11\/revisions"}],"predecessor-version":[{"id":3065,"href":"https:\/\/www.lcdtvjavitas.hu\/index.php?rest_route=\/wp\/v2\/pages\/11\/revisions\/3065"}],"wp:attachment":[{"href":"https:\/\/www.lcdtvjavitas.hu\/index.php?rest_route=%2Fwp%2Fv2%2Fmedia&parent=11"}],"curies":[{"name":"wp","href":"https:\/\/api.w.org\/{rel}","templated":true}]}}